{"id":24,"date":"2026-04-01T20:44:25","date_gmt":"2026-04-01T18:44:25","guid":{"rendered":"https:\/\/lazyrunclub.pl\/?post_type=product&#038;p=24"},"modified":"2026-04-14T14:47:00","modified_gmt":"2026-04-14T12:47:00","slug":"lazy-t-shirt-oversize-black","status":"publish","type":"product","link":"https:\/\/lazyrunclub.pl\/?product=lazy-t-shirt-oversize-black","title":{"rendered":"Lazy T-shirt Oversize &#8211; Black"},"content":{"rendered":"<p data-start=\"101\" data-end=\"246\">Minimalizm, komfort i \u015bwiadomy wyb\u00f3r.<br data-start=\"138\" data-end=\"141\" \/>Koszulka wykonana z wysokiej jako\u015bci jerseyu o gramaturze 220 g\/m\u00b2, \u0142\u0105cz\u0105cego trwa\u0142o\u015b\u0107 z wygod\u0105 noszenia.<\/p>\n<p data-start=\"248\" data-end=\"365\">Model oversize z obni\u017con\u0105 lini\u0105 ramion zapewnia lu\u017any, swobodny fit \u2014 idealny zar\u00f3wno na co dzie\u0144, jak i po treningu.<\/p>\n<p data-start=\"367\" data-end=\"378\"><strong data-start=\"367\" data-end=\"378\">Detale:<\/strong><\/p>\n<ul data-start=\"379\" data-end=\"607\">\n<li data-section-id=\"146fxhc\" data-start=\"379\" data-end=\"432\">100% bawe\u0142na<\/li>\n<li data-section-id=\"z2exah\" data-start=\"433\" data-end=\"459\">mi\u0119kki jersey 220 g\/m\u00b2<\/li>\n<li data-section-id=\"11dqefh\" data-start=\"477\" data-end=\"497\">obni\u017cone ramiona<\/li>\n<li data-section-id=\"11fmt2g\" data-start=\"498\" data-end=\"528\">okr\u0105g\u0142y, pr\u0105\u017ckowany dekolt<\/li>\n<li data-section-id=\"1m45tfy\" data-start=\"529\" data-end=\"563\">konstrukcja bez bocznych szw\u00f3w<\/li>\n<li data-section-id=\"10lpbgf\" data-start=\"564\" data-end=\"607\">ta\u015bma wzmacniaj\u0105ca na karku i ramionach<\/li>\n<\/ul>\n<p data-start=\"609\" data-end=\"625\"><strong data-start=\"609\" data-end=\"625\">Piel\u0119gnacja:<\/strong><\/p>\n<ul data-start=\"626\" data-end=\"682\">\n<li data-section-id=\"17abfcl\" data-start=\"626\" data-end=\"644\">pranie do 40\u00b0C<\/li>\n<li data-section-id=\"ovzn17\" data-start=\"645\" data-end=\"682\">prasowanie w niskiej temperaturze<\/li>\n<\/ul>\n","protected":false},"excerpt":{"rendered":"<p>Minimalizm, komfort i \u015bwiadomy wyb\u00f3r.Koszulka wykonana z wysokiej jako\u015bci jerseyu o gramaturze 220 g\/m\u00b2, \u0142\u0105cz\u0105cego trwa\u0142o\u015b\u0107 z wygod\u0105 noszenia. Model oversize z obni\u017con\u0105 lini\u0105 ramion zapewnia lu\u017any, swobodny fit \u2014 idealny zar\u00f3wno na co dzie\u0144, jak i po treningu. Detale: 100% bawe\u0142na mi\u0119kki jersey 220 g\/m\u00b2 obni\u017cone ramiona okr\u0105g\u0142y, pr\u0105\u017ckowany dekolt konstrukcja bez bocznych szw\u00f3w [&hellip;]<\/p>\n","protected":false},"featured_media":27,"template":"","meta":[],"product_brand":[],"product_cat":[17],"product_tag":[],"class_list":{"0":"post-24","1":"product","2":"type-product","3":"status-publish","4":"has-post-thumbnail","6":"product_cat-koszulki","8":"first","9":"instock","10":"shipping-taxable","11":"purchasable","12":"product-type-variable"},"_links":{"self":[{"href":"https:\/\/lazyrunclub.pl\/index.php?rest_route=\/wp\/v2\/product\/24","targetHints":{"allow":["GET"]}}],"collection":[{"href":"https:\/\/lazyrunclub.pl\/index.php?rest_route=\/wp\/v2\/product"}],"about":[{"href":"https:\/\/lazyrunclub.pl\/index.php?rest_route=\/wp\/v2\/types\/product"}],"wp:featuredmedia":[{"embeddable":true,"href":"https:\/\/lazyrunclub.pl\/index.php?rest_route=\/wp\/v2\/media\/27"}],"wp:attachment":[{"href":"https:\/\/lazyrunclub.pl\/index.php?rest_route=%2Fwp%2Fv2%2Fmedia&parent=24"}],"wp:term":[{"taxonomy":"product_brand","embeddable":true,"href":"https:\/\/lazyrunclub.pl\/index.php?rest_route=%2Fwp%2Fv2%2Fproduct_brand&post=24"},{"taxonomy":"product_cat","embeddable":true,"href":"https:\/\/lazyrunclub.pl\/index.php?rest_route=%2Fwp%2Fv2%2Fproduct_cat&post=24"},{"taxonomy":"product_tag","embeddable":true,"href":"https:\/\/lazyrunclub.pl\/index.php?rest_route=%2Fwp%2Fv2%2Fproduct_tag&post=24"}],"curies":[{"name":"wp","href":"https:\/\/api.w.org\/{rel}","templated":true}]}}