{"id":115,"date":"2026-04-03T18:31:30","date_gmt":"2026-04-03T16:31:30","guid":{"rendered":"https:\/\/lazyrunclub.pl\/?post_type=product&#038;p=115"},"modified":"2026-04-04T12:32:32","modified_gmt":"2026-04-04T10:32:32","slug":"lazy-performance-t-shirt-recovery-run","status":"publish","type":"product","link":"https:\/\/lazyrunclub.pl\/?product=lazy-performance-t-shirt-recovery-run","title":{"rendered":"Lazy Performance T-shirt &#8211; Recovery Run"},"content":{"rendered":"<p>Lekka koszulka treningowa zaprojektowana z my\u015bl\u0105 o komforcie w ruchu.<\/p>\n<p>Wykonana w 100% z oddychaj\u0105cego poliestru o gramaturze 160 g\/m\u00b2, kt\u00f3ry skutecznie odprowadza wilgo\u0107 i utrzymuje sk\u00f3r\u0119 \u015bwie\u017c\u0105 nawet podczas intensywnego wysi\u0142ku.<\/p>\n<p>Minimalistyczna konstrukcja i dopracowane detale sprawiaj\u0105, \u017ce sprawdzi si\u0119 zar\u00f3wno na treningu, jak i na co dzie\u0144.<\/p>\n<p>Detale:<br \/>\n\u2013 100% poliester (interlock)<br \/>\n\u2013 lekka i oddychaj\u0105ca tkanina (160 g\/m\u00b2)<br \/>\n\u2013 materia\u0142 utrzymuj\u0105cy sk\u00f3r\u0119 \u015bwie\u017c\u0105 i such\u0105<br \/>\n\u2013 zaokr\u0105glony ty\u0142 dla lepszego dopasowania<br \/>\n\u2013 ukryte szwy zwi\u0119kszaj\u0105ce komfort noszenia<\/p>\n","protected":false},"excerpt":{"rendered":"<p>Lekka koszulka treningowa zaprojektowana z my\u015bl\u0105 o komforcie w ruchu. Wykonana w 100% z oddychaj\u0105cego poliestru o gramaturze 160 g\/m\u00b2, kt\u00f3ry skutecznie odprowadza wilgo\u0107 i utrzymuje sk\u00f3r\u0119 \u015bwie\u017c\u0105 nawet podczas intensywnego wysi\u0142ku. Minimalistyczna konstrukcja i dopracowane detale sprawiaj\u0105, \u017ce sprawdzi si\u0119 zar\u00f3wno na treningu, jak i na co dzie\u0144. Detale: \u2013 100% poliester (interlock) \u2013 [&hellip;]<\/p>\n","protected":false},"featured_media":116,"template":"","meta":[],"product_brand":[],"product_cat":[17],"product_tag":[],"class_list":{"0":"post-115","1":"product","2":"type-product","3":"status-publish","4":"has-post-thumbnail","6":"product_cat-koszulki","8":"first","9":"instock","10":"shipping-taxable","11":"purchasable","12":"product-type-variable"},"_links":{"self":[{"href":"https:\/\/lazyrunclub.pl\/index.php?rest_route=\/wp\/v2\/product\/115","targetHints":{"allow":["GET"]}}],"collection":[{"href":"https:\/\/lazyrunclub.pl\/index.php?rest_route=\/wp\/v2\/product"}],"about":[{"href":"https:\/\/lazyrunclub.pl\/index.php?rest_route=\/wp\/v2\/types\/product"}],"wp:featuredmedia":[{"embeddable":true,"href":"https:\/\/lazyrunclub.pl\/index.php?rest_route=\/wp\/v2\/media\/116"}],"wp:attachment":[{"href":"https:\/\/lazyrunclub.pl\/index.php?rest_route=%2Fwp%2Fv2%2Fmedia&parent=115"}],"wp:term":[{"taxonomy":"product_brand","embeddable":true,"href":"https:\/\/lazyrunclub.pl\/index.php?rest_route=%2Fwp%2Fv2%2Fproduct_brand&post=115"},{"taxonomy":"product_cat","embeddable":true,"href":"https:\/\/lazyrunclub.pl\/index.php?rest_route=%2Fwp%2Fv2%2Fproduct_cat&post=115"},{"taxonomy":"product_tag","embeddable":true,"href":"https:\/\/lazyrunclub.pl\/index.php?rest_route=%2Fwp%2Fv2%2Fproduct_tag&post=115"}],"curies":[{"name":"wp","href":"https:\/\/api.w.org\/{rel}","templated":true}]}}